{"id":594,"date":"2020-04-17T08:08:52","date_gmt":"2020-04-17T08:08:52","guid":{"rendered":"https:\/\/arjunameijer.nl\/?page_id=594"},"modified":"2020-07-17T10:34:08","modified_gmt":"2020-07-17T10:34:08","slug":"raamdecoratie","status":"publish","type":"page","link":"https:\/\/arjunameijer.nl\/?page_id=594","title":{"rendered":"Raamdecoratie"},"content":{"rendered":"<div id='full_slider_1'  class='avia-fullwidth-slider main_color avia-shadow   avia-builder-el-0  el_before_av_section  avia-builder-el-first   container_wrap fullsize' style=' '  ><div   data-size='featured_large'  data-lightbox_size='large'  data-animation='fade'  data-conditional_play=''  data-ids='600'  data-video_counter='0'  data-autoplay='false'  data-bg_slider='false'  data-slide_height=''  data-handle='av_slideshow_full'  data-interval='5'  data-class=' '  data-el_id=''  data-css_id=''  data-scroll_down=''  data-control_layout='av-control-minimal'  data-custom_markup=''  data-perma_caption=''  data-autoplay_stopper=''  data-image_attachment=''  data-min_height='0px'  data-src=''  data-position='top left'  data-repeat='no-repeat'  data-attach='scroll'  data-stretch=''  data-default-height='42'  class='avia-slideshow avia-slideshow-1  av-control-minimal av-default-height-applied avia-slideshow-featured_large av_slideshow_full   avia-fade-slider '  itemprop=\"image\" itemscope=\"itemscope\" itemtype=\"https:\/\/schema.org\/ImageObject\" ><ul class='avia-slideshow-inner ' style='padding-bottom: 42%;' ><li  class=' av-single-slide slide-1 ' ><div data-rel='slideshow-1' class='avia-slide-wrap '   ><img src='https:\/\/arjunameijer.nl\/wp-content\/uploads\/2020\/04\/woninginrichting-amersfoort-8-1-1500x630.jpg' width='1500' height='630' title='woninginrichting-amersfoort-8' alt=''  itemprop=\"thumbnailUrl\"   \/><\/div><\/li><\/ul><\/div><\/div>\n<div id='av_section_1'  class='avia-section main_color avia-section-huge avia-no-border-styling  avia-bg-style-scroll  avia-builder-el-1  el_after_av_slideshow_full  el_before_av_section   container_wrap fullsize' style=' '  ><div class='container' ><div class='template-page content  av-content-full alpha units'><div class='post-entry post-entry-type-page post-entry-594'><div class='entry-content-wrapper clearfix'>\n<div  style='padding-bottom:20px; font-size:40px;' class='av-special-heading av-special-heading-h1  blockquote modern-quote modern-centered  avia-builder-el-2  el_before_av_one_fifth  avia-builder-el-first  av-inherit-size '><h1 class='av-special-heading-tag '  itemprop=\"headline\"  >Raamdecoratie<\/h1><div class='special-heading-border'><div class='special-heading-inner-border' ><\/div><\/div><\/div>\n<div class=\"flex_column av_one_fifth  flex_column_div av-zero-column-padding first  avia-builder-el-3  el_after_av_heading  el_before_av_three_fifth  \" style='border-radius:0px; '><\/div><div class=\"flex_column av_three_fifth  av-animated-generic bottom-to-top  flex_column_div av-zero-column-padding   avia-builder-el-4  el_after_av_one_fifth  el_before_av_one_fifth  \" style='border-radius:0px; '><p><section class=\"av_textblock_section \"  itemscope=\"itemscope\" itemtype=\"https:\/\/schema.org\/CreativeWork\" ><div class='avia_textblock  '   itemprop=\"text\" ><p>Meijer Woninginrichting maakt uw woning af met raamdecoratie. Het kleedt de woning aan, houdt licht en inkijk buiten wanneer gewenst en zorgt voor zowel koeling als warmte. Wij realiseren en adviseren over gordijnen en jaloezie\u00ebn. U heeft keuze uit een breed assortiment van klassieke gordijnen, jaloezie\u00ebn, pliss\u00e9gordijnen, vouwgordijnen en rolgordijnen.<\/p>\n<p>Dicht beslaat raamdecoratie opeens een veel groter oppervlak van het interieur. De kleur en de kleurwaarde \u2013 hoe licht of donker de kleur is \u2013 zijn belangrijke keuzes. Over de decoratieve functie en het functionele element van raamdecoratie adviseert Meijer Woninginrichting u graag!<\/p>\n<\/div><\/section><br \/>\n<div  style=' margin-top:70px; margin-bottom:0px;'  class='hr hr-custom hr-center hr-icon-yes   avia-builder-el-6  el_after_av_textblock  avia-builder-el-last '><span class='hr-inner  inner-border-av-border-thin' style=' width:90px; max-width:45%;' ><span class='hr-inner-style'><\/span><\/span><span class='av-seperator-icon' style='color:#5e5e5e;' aria-hidden='true' data-av_icon='\ue821' data-av_iconfont='entypo-fontello'><\/span><span class='hr-inner  inner-border-av-border-thin' style=' width:90px; max-width:45%;' ><span class='hr-inner-style'><\/span><\/span><\/div><\/p><\/div><div class=\"flex_column av_one_fifth  flex_column_div av-zero-column-padding   avia-builder-el-7  el_after_av_three_fifth  avia-builder-el-last  \" style='border-radius:0px; '><\/div><\/div><\/div><\/div><!-- close content main div --><\/div><\/div><div id='av_section_2'  class='avia-section main_color avia-section-large avia-no-border-styling  avia-bg-style-scroll  avia-builder-el-8  el_after_av_section  avia-builder-el-last   container_wrap fullsize' style='background-color: #c4c1b6;  '  ><div class='container' ><div class='template-page content  av-content-full alpha units'><div class='post-entry post-entry-type-page post-entry-594'><div class='entry-content-wrapper clearfix'>\n<div class=\"flex_column av_one_fifth  flex_column_div av-zero-column-padding first  avia-builder-el-9  el_before_av_three_fifth  avia-builder-el-first  \" style='border-radius:0px; '><\/div><div class=\"flex_column av_three_fifth  av-animated-generic bottom-to-top  flex_column_div av-zero-column-padding   avia-builder-el-10  el_after_av_one_fifth  el_before_av_one_fifth  \" style='border-radius:0px; '><div  style='padding-bottom:20px; color:#ffffff;font-size:25px;' class='av-special-heading av-special-heading-h1 custom-color-heading blockquote modern-quote modern-centered  avia-builder-el-11  avia-builder-el-no-sibling  av-inherit-size '><h1 class='av-special-heading-tag '  itemprop=\"headline\"  >Wilt u graag meer informatie of een vrijblijvende afspraak maken?<\/h1><div class='special-heading-border'><div class='special-heading-inner-border' style='border-color:#ffffff'><\/div><\/div><\/div><\/div><div class=\"flex_column av_one_fifth  flex_column_div av-zero-column-padding   avia-builder-el-12  el_after_av_three_fifth  el_before_av_button  \" style='border-radius:0px; '><\/div><div  class='avia-button-wrap avia-button-center  avia-builder-el-13  el_after_av_one_fifth  avia-builder-el-last ' ><a href='https:\/\/arjunameijer.nl\/?page_id=156'  class='avia-button   avia-icon_select-no avia-color-theme-color avia-size-medium avia-position-center '   ><span class='avia_iconbox_title' >Contact<\/span><\/a><\/div>\n<\/p>\n","protected":false},"excerpt":{"rendered":"","protected":false},"author":1,"featured_media":0,"parent":0,"menu_order":0,"comment_status":"open","ping_status":"closed","template":"","meta":{"footnotes":""},"yoast_head":"<!-- This site is optimized with the Yoast SEO plugin v21.5 - https:\/\/yoast.com\/wordpress\/plugins\/seo\/ -->\n<title>Raamdecoratie - Arjuna Meijer<\/title>\n<meta name=\"description\" content=\"Van binnen-tot buitenrraamdecoratie, Arjuna Meijer levert maatwerk voor uw woning of bedrijf. Het kleedt uw woning aan en helpt tegen warmte en kou.\" \/>\n<meta name=\"robots\" content=\"index, follow, max-snippet:-1, max-image-preview:large, max-video-preview:-1\" \/>\n<link rel=\"canonical\" href=\"https:\/\/arjunameijer.nl\/?page_id=594\" \/>\n<meta property=\"og:locale\" content=\"nl_NL\" \/>\n<meta property=\"og:type\" content=\"article\" \/>\n<meta property=\"og:title\" content=\"Raamdecoratie - Arjuna Meijer\" \/>\n<meta property=\"og:description\" content=\"Van binnen-tot buitenrraamdecoratie, Arjuna Meijer levert maatwerk voor uw woning of bedrijf. Het kleedt uw woning aan en helpt tegen warmte en kou.\" \/>\n<meta property=\"og:url\" content=\"https:\/\/arjunameijer.nl\/?page_id=594\" \/>\n<meta property=\"og:site_name\" content=\"Arjuna Meijer\" \/>\n<meta property=\"article:publisher\" content=\"https:\/\/www.facebook.com\/Arjuna-woninginginrichting-173378226623042\/\" \/>\n<meta property=\"article:modified_time\" content=\"2020-07-17T10:34:08+00:00\" \/>\n<meta name=\"twitter:card\" content=\"summary_large_image\" \/>\n<meta name=\"twitter:label1\" content=\"Geschatte leestijd\" \/>\n\t<meta name=\"twitter:data1\" content=\"5 minuten\" \/>\n<script type=\"application\/ld+json\" class=\"yoast-schema-graph\">{\"@context\":\"https:\/\/schema.org\",\"@graph\":[{\"@type\":\"WebPage\",\"@id\":\"https:\/\/arjunameijer.nl\/?page_id=594\",\"url\":\"https:\/\/arjunameijer.nl\/?page_id=594\",\"name\":\"Raamdecoratie - Arjuna Meijer\",\"isPartOf\":{\"@id\":\"https:\/\/arjunameijer.nl\/#website\"},\"datePublished\":\"2020-04-17T08:08:52+00:00\",\"dateModified\":\"2020-07-17T10:34:08+00:00\",\"description\":\"Van binnen-tot buitenrraamdecoratie, Arjuna Meijer levert maatwerk voor uw woning of bedrijf. Het kleedt uw woning aan en helpt tegen warmte en kou.\",\"breadcrumb\":{\"@id\":\"https:\/\/arjunameijer.nl\/?page_id=594#breadcrumb\"},\"inLanguage\":\"nl-NL\",\"potentialAction\":[{\"@type\":\"ReadAction\",\"target\":[\"https:\/\/arjunameijer.nl\/?page_id=594\"]}]},{\"@type\":\"BreadcrumbList\",\"@id\":\"https:\/\/arjunameijer.nl\/?page_id=594#breadcrumb\",\"itemListElement\":[{\"@type\":\"ListItem\",\"position\":1,\"name\":\"Home\",\"item\":\"https:\/\/arjunameijer.nl\/\"},{\"@type\":\"ListItem\",\"position\":2,\"name\":\"Raamdecoratie\"}]},{\"@type\":\"WebSite\",\"@id\":\"https:\/\/arjunameijer.nl\/#website\",\"url\":\"https:\/\/arjunameijer.nl\/\",\"name\":\"Arjuna Meijer\",\"description\":\"Interieur en woninginrichting\",\"publisher\":{\"@id\":\"https:\/\/arjunameijer.nl\/#organization\"},\"potentialAction\":[{\"@type\":\"SearchAction\",\"target\":{\"@type\":\"EntryPoint\",\"urlTemplate\":\"https:\/\/arjunameijer.nl\/?s={search_term_string}\"},\"query-input\":\"required name=search_term_string\"}],\"inLanguage\":\"nl-NL\"},{\"@type\":\"Organization\",\"@id\":\"https:\/\/arjunameijer.nl\/#organization\",\"name\":\"Arjuna Meijer\",\"url\":\"https:\/\/arjunameijer.nl\/\",\"logo\":{\"@type\":\"ImageObject\",\"inLanguage\":\"nl-NL\",\"@id\":\"https:\/\/arjunameijer.nl\/#\/schema\/logo\/image\/\",\"url\":\"https:\/\/arjunameijer.nl\/wp-content\/uploads\/2020\/04\/Arjuna_logo1_220.jpg\",\"contentUrl\":\"https:\/\/arjunameijer.nl\/wp-content\/uploads\/2020\/04\/Arjuna_logo1_220.jpg\",\"width\":220,\"height\":88,\"caption\":\"Arjuna Meijer\"},\"image\":{\"@id\":\"https:\/\/arjunameijer.nl\/#\/schema\/logo\/image\/\"},\"sameAs\":[\"https:\/\/www.facebook.com\/Arjuna-woninginginrichting-173378226623042\/\"]}]}<\/script>\n<!-- \/ Yoast SEO plugin. -->","yoast_head_json":{"title":"Raamdecoratie - Arjuna Meijer","description":"Van binnen-tot buitenrraamdecoratie, Arjuna Meijer levert maatwerk voor uw woning of bedrijf. Het kleedt uw woning aan en helpt tegen warmte en kou.","robots":{"index":"index","follow":"follow","max-snippet":"max-snippet:-1","max-image-preview":"max-image-preview:large","max-video-preview":"max-video-preview:-1"},"canonical":"https:\/\/arjunameijer.nl\/?page_id=594","og_locale":"nl_NL","og_type":"article","og_title":"Raamdecoratie - Arjuna Meijer","og_description":"Van binnen-tot buitenrraamdecoratie, Arjuna Meijer levert maatwerk voor uw woning of bedrijf. Het kleedt uw woning aan en helpt tegen warmte en kou.","og_url":"https:\/\/arjunameijer.nl\/?page_id=594","og_site_name":"Arjuna Meijer","article_publisher":"https:\/\/www.facebook.com\/Arjuna-woninginginrichting-173378226623042\/","article_modified_time":"2020-07-17T10:34:08+00:00","twitter_card":"summary_large_image","twitter_misc":{"Geschatte leestijd":"5 minuten"},"schema":{"@context":"https:\/\/schema.org","@graph":[{"@type":"WebPage","@id":"https:\/\/arjunameijer.nl\/?page_id=594","url":"https:\/\/arjunameijer.nl\/?page_id=594","name":"Raamdecoratie - Arjuna Meijer","isPartOf":{"@id":"https:\/\/arjunameijer.nl\/#website"},"datePublished":"2020-04-17T08:08:52+00:00","dateModified":"2020-07-17T10:34:08+00:00","description":"Van binnen-tot buitenrraamdecoratie, Arjuna Meijer levert maatwerk voor uw woning of bedrijf. Het kleedt uw woning aan en helpt tegen warmte en kou.","breadcrumb":{"@id":"https:\/\/arjunameijer.nl\/?page_id=594#breadcrumb"},"inLanguage":"nl-NL","potentialAction":[{"@type":"ReadAction","target":["https:\/\/arjunameijer.nl\/?page_id=594"]}]},{"@type":"BreadcrumbList","@id":"https:\/\/arjunameijer.nl\/?page_id=594#breadcrumb","itemListElement":[{"@type":"ListItem","position":1,"name":"Home","item":"https:\/\/arjunameijer.nl\/"},{"@type":"ListItem","position":2,"name":"Raamdecoratie"}]},{"@type":"WebSite","@id":"https:\/\/arjunameijer.nl\/#website","url":"https:\/\/arjunameijer.nl\/","name":"Arjuna Meijer","description":"Interieur en woninginrichting","publisher":{"@id":"https:\/\/arjunameijer.nl\/#organization"},"potentialAction":[{"@type":"SearchAction","target":{"@type":"EntryPoint","urlTemplate":"https:\/\/arjunameijer.nl\/?s={search_term_string}"},"query-input":"required name=search_term_string"}],"inLanguage":"nl-NL"},{"@type":"Organization","@id":"https:\/\/arjunameijer.nl\/#organization","name":"Arjuna Meijer","url":"https:\/\/arjunameijer.nl\/","logo":{"@type":"ImageObject","inLanguage":"nl-NL","@id":"https:\/\/arjunameijer.nl\/#\/schema\/logo\/image\/","url":"https:\/\/arjunameijer.nl\/wp-content\/uploads\/2020\/04\/Arjuna_logo1_220.jpg","contentUrl":"https:\/\/arjunameijer.nl\/wp-content\/uploads\/2020\/04\/Arjuna_logo1_220.jpg","width":220,"height":88,"caption":"Arjuna Meijer"},"image":{"@id":"https:\/\/arjunameijer.nl\/#\/schema\/logo\/image\/"},"sameAs":["https:\/\/www.facebook.com\/Arjuna-woninginginrichting-173378226623042\/"]}]}},"_links":{"self":[{"href":"https:\/\/arjunameijer.nl\/index.php?rest_route=\/wp\/v2\/pages\/594"}],"collection":[{"href":"https:\/\/arjunameijer.nl\/index.php?rest_route=\/wp\/v2\/pages"}],"about":[{"href":"https:\/\/arjunameijer.nl\/index.php?rest_route=\/wp\/v2\/types\/page"}],"author":[{"embeddable":true,"href":"https:\/\/arjunameijer.nl\/index.php?rest_route=\/wp\/v2\/users\/1"}],"replies":[{"embeddable":true,"href":"https:\/\/arjunameijer.nl\/index.php?rest_route=%2Fwp%2Fv2%2Fcomments&post=594"}],"version-history":[{"count":12,"href":"https:\/\/arjunameijer.nl\/index.php?rest_route=\/wp\/v2\/pages\/594\/revisions"}],"predecessor-version":[{"id":693,"href":"https:\/\/arjunameijer.nl\/index.php?rest_route=\/wp\/v2\/pages\/594\/revisions\/693"}],"wp:attachment":[{"href":"https:\/\/arjunameijer.nl\/index.php?rest_route=%2Fwp%2Fv2%2Fmedia&parent=594"}],"curies":[{"name":"wp","href":"https:\/\/api.w.org\/{rel}","templated":true}]}}